{"id":3,"date":"2020-06-15T13:04:18","date_gmt":"2020-06-15T13:04:18","guid":{"rendered":"http:\/\/cazorlaeduca.es\/?page_id=3"},"modified":"2020-09-02T12:19:29","modified_gmt":"2020-09-02T11:19:29","slug":"privacy-policy","status":"publish","type":"page","link":"https:\/\/cazorlaeduca.es\/index.php\/privacy-policy\/","title":{"rendered":"Pol\u00edtica de Privacidad"},"content":{"rendered":"\n<h2>responsable<\/h2>\n\n\n\n<p>Ayuntamiento de Cazorla. con direcci\u00f3n en Plaza Francisco Mart\u00ednez, 1 con CIF: P2302800D<\/p>\n\n\n\n<h3>CATEGOR\u00cdA DE DATOS<\/h3>\n\n\n\n<p>Datos de contacto y de car\u00e1cter identificativo y otros datos que usted nos proporcione en el caso de que se soliciten.<\/p>\n\n\n\n<h3>FINALIDAD<\/h3>\n\n\n\n<p>Comunicaci\u00f3n de informaci\u00f3n sobre actividades, noticias relevantes, eventos, sorteos, promociones y ofertas a trav\u00e9s de la web de <a href=\"https:\/\/www.cazorlaeduca.es\">www.cazorlaeduca.es<strong>.<\/strong><\/a><\/p>\n\n\n\n<h3>LEGITIMACI\u00d3N<\/h3>\n\n\n\n<p>Consentimiento del interesado.<\/p>\n\n\n\n<h3>DESTINATARIOS<\/h3>\n\n\n\n<p>No se efect\u00faan cesiones de datos a terceros, ni \u00e9stos se transfieren internacionalmente. Sin perjuicio de lo anterior, los datos personales ser\u00e1n accedidos por proveedores de servicios.<\/p>\n\n\n\n<h3>PROCEDENCIA<\/h3>\n\n\n\n<p>Puede ejercitar sus derechos de acceso, rectificaci\u00f3n, supresi\u00f3n, portabilidad y limitaci\u00f3n del tratamiento ante el responsable del tratamiento. Asimismo, podr\u00e1 revocar su consentimiento en cualquier momento mediante comunicaci\u00f3n dirigi\u00e9ndose\u00a0<strong>a la Concejal\u00eda de Educaci\u00f3n del Ayuntamiento de Cazorla.\u00a0<\/strong><\/p>\n\n\n\n<h2>informaci\u00f3n detallada<\/h2>\n\n\n\n<p>La presente pol\u00edtica de privacidad describe la forma en que\u00a0<strong>Cazorla Educa,<\/strong>\u00a0 tratar\u00e1 los datos de car\u00e1cter personal que Usted nos proporcione, y que en su caso recabemos sobre Usted.<\/p>\n\n\n\n<h3><strong>1. Datos personales que tratamos<\/strong><\/h3>\n\n\n\n<p>Nosotros no tratamos los datos personales de car\u00e1cter identificativo y profesional que Usted nos proporciona a trav\u00e9s de las Web\u00a0<strong><a href=\"https:\/\/www.cazorlaeduca.es\">www.cazorlaeduca.es<\/a><\/strong>.<\/p>\n\n\n\n<h3><strong>2. C\u00f3mo y con qu\u00e9 base tratamos sus datos personales<\/strong><\/h3>\n\n\n\n<p>Sus datos personales ser\u00e1n tratados para las finalidades y con las bases legitimadoras que se indican a continuaci\u00f3n:<\/p>\n\n\n\n<h2>derechos<\/h2>\n\n\n\n<p>Usted tiene derecho a que Cazorla Educa le confirme si se est\u00e1n tratando o no sus datos personales y, en su caso, a solicitar el acceso a los datos personales y a determinada informaci\u00f3n sobre el tratamiento (fines, categor\u00edas de datos tratados y destinatarios, entre otros aspectos) (derecho de acceso). Asimismo, tiene derecho a solicitar la rectificaci\u00f3n de los datos inexactos (derecho de rectificaci\u00f3n), as\u00ed como la supresi\u00f3n de los mismos cuando, entre otros motivos, \u00e9stos ya no sean necesarios para los fines para los que fueron recogidos (derecho de supresi\u00f3n). En determinadas circunstancias (por ejemplo, en caso de que el interesado impugne la exactitud de sus datos, mientras se verifica la exactitud de los mismos), Usted podr\u00e1 solicitar que se limite el tratamiento de sus datos personales, siendo estos \u00fanicamente tratados para el ejercicio o la defensa de reclamaciones (derecho a la limitaci\u00f3n del tratamiento). Finalmente, tiene Usted la posibilidad de ejercer su derecho a la portabilidad de los datos, es decir, a recibir los datos personales en un formato estructurado, de uso com\u00fan y lectura mec\u00e1nica, y a transmitirlos a otro responsable del tratamiento sin que el responsable al que se los hubiera facilitado se lo impida, en los supuestos legalmente previstos a estos efectos (derecho a la portabilidad de los datos).<\/p>\n","protected":false},"excerpt":{"rendered":"<p>responsable Ayuntamiento de Cazorla. con direcci\u00f3n en Plaza Francisco Mart\u00ednez, 1 con CIF: P2302800D CATEGOR\u00cdA DE DATOS Datos de contacto y de car\u00e1cter identificativo y otros datos que usted nos proporcione en el caso de que se soliciten. FINALIDAD Comunicaci\u00f3n de informaci\u00f3n sobre actividades, noticias relevantes, eventos, sorteos, promociones y ofertas a trav\u00e9s de la &hellip; <\/p>\n<p class=\"link-more\"><a href=\"https:\/\/cazorlaeduca.es\/index.php\/privacy-policy\/\" class=\"more-link\">Continuar leyendo<span class=\"screen-reader-text\"> &#8220;Pol\u00edtica de Privacidad&#8221;<\/span><\/a><\/p>\n","protected":false},"author":1,"featured_media":0,"parent":0,"menu_order":0,"comment_status":"closed","ping_status":"open","template":"","meta":[],"_links":{"self":[{"href":"https:\/\/cazorlaeduca.es\/index.php\/wp-json\/wp\/v2\/pages\/3"}],"collection":[{"href":"https:\/\/cazorlaeduca.es\/index.php\/wp-json\/wp\/v2\/pages"}],"about":[{"href":"https:\/\/cazorlaeduca.es\/index.php\/wp-json\/wp\/v2\/types\/page"}],"author":[{"embeddable":true,"href":"https:\/\/cazorlaeduca.es\/index.php\/wp-json\/wp\/v2\/users\/1"}],"replies":[{"embeddable":true,"href":"https:\/\/cazorlaeduca.es\/index.php\/wp-json\/wp\/v2\/comments?post=3"}],"version-history":[{"count":2,"href":"https:\/\/cazorlaeduca.es\/index.php\/wp-json\/wp\/v2\/pages\/3\/revisions"}],"predecessor-version":[{"id":116,"href":"https:\/\/cazorlaeduca.es\/index.php\/wp-json\/wp\/v2\/pages\/3\/revisions\/116"}],"wp:attachment":[{"href":"https:\/\/cazorlaeduca.es\/index.php\/wp-json\/wp\/v2\/media?parent=3"}],"curies":[{"name":"wp","href":"https:\/\/api.w.org\/{rel}","templated":true}]}}